{"id":1736,"date":"2023-07-14T11:01:18","date_gmt":"2023-07-14T11:01:18","guid":{"rendered":"https:\/\/gb23.eco.de\/websites\/"},"modified":"2024-08-05T11:58:41","modified_gmt":"2024-08-05T11:58:41","slug":"websites","status":"publish","type":"page","link":"https:\/\/gb23.eco.de\/en\/association-communication\/websites\/","title":{"rendered":"Websites"},"content":{"rendered":"\n<figure class=\"wp-block-image size-large is-resized\"><a href=\"https:\/\/gb23.eco.de\/kommunikation\/\"><img loading=\"lazy\" decoding=\"async\" width=\"1024\" height=\"179\" src=\"https:\/\/gb23.eco.de\/wp-content\/uploads\/sites\/14\/2023\/07\/\u200eBanner.\u200e005-1024x179.jpeg\" alt=\"\" class=\"wp-image-803\" style=\"width:1144px;height:200px\" srcset=\"https:\/\/gb23.eco.de\/wp-content\/uploads\/sites\/14\/2023\/07\/\u200eBanner.\u200e005-1024x179.jpeg 1024w, https:\/\/gb23.eco.de\/wp-content\/uploads\/sites\/14\/2023\/07\/\u200eBanner.\u200e005-300x52.jpeg 300w, https:\/\/gb23.eco.de\/wp-content\/uploads\/sites\/14\/2023\/07\/\u200eBanner.\u200e005-768x134.jpeg 768w, https:\/\/gb23.eco.de\/wp-content\/uploads\/sites\/14\/2023\/07\/\u200eBanner.\u200e005.jpeg 1144w\" sizes=\"auto, (max-width: 1024px) 100vw, 1024px\" \/><\/a><\/figure>\n\n\n\n<h1 class=\"wp-block-heading\">Websites<\/h1>\n\n\n\n<div class=\"wp-block-columns is-layout-flex wp-container-core-columns-is-layout-28f84493 wp-block-columns-is-layout-flex\">\n<div class=\"wp-block-column is-layout-flow wp-block-column-is-layout-flow\" style=\"flex-basis:66.66%\">\n<p>In 2023, the websites of the eco Association (<a href=\"https:\/\/www.eco.de\/\" target=\"_blank\" rel=\"noreferrer noopener\">www.eco.de<\/a> and <a href=\"https:\/\/international.eco.de\/\">international.eco.de<\/a>) continued to act as a central point of contact for members, partners and anyone who wanted to learn more about eco\u2019s range of topics and activities. <\/p>\n\n\n\n<p>In combination with the social media activities and the formats, some of which take place on established third-party platforms or on dedicated microsites, this reflects the diversity of the association\u2019s topics and offerings. <br><br>For several years now, all eco members have received exclusive and free access to \u201c<a href=\"https:\/\/www.eco.de\/members\/\">members+<\/a>\u201d, the protected online area of the website. This area is intended to provide eco members with access to the added value of their membership and information about new developments. <\/p>\n\n\n\n<p>If you are interested in access or have questions about the members+ area, members can contact <a href=\"mailto:mitglieder@eco.de\">members@eco.de<\/a> at any time. <\/p>\n<\/div>\n\n\n\n<div class=\"wp-block-column is-layout-flow wp-block-column-is-layout-flow\" style=\"flex-basis:33.33%\">\n<figure class=\"wp-block-image size-full\"><img loading=\"lazy\" decoding=\"async\" width=\"500\" height=\"500\" src=\"https:\/\/gb23.eco.de\/wp-content\/uploads\/sites\/14\/2024\/07\/\u200e2024_Webseiten-1.jpeg\" alt=\"\" class=\"wp-image-3092\" srcset=\"https:\/\/gb23.eco.de\/wp-content\/uploads\/sites\/14\/2024\/07\/\u200e2024_Webseiten-1.jpeg 500w, https:\/\/gb23.eco.de\/wp-content\/uploads\/sites\/14\/2024\/07\/\u200e2024_Webseiten-1-300x300.jpeg 300w, https:\/\/gb23.eco.de\/wp-content\/uploads\/sites\/14\/2024\/07\/\u200e2024_Webseiten-1-150x150.jpeg 150w, https:\/\/gb23.eco.de\/wp-content\/uploads\/sites\/14\/2024\/07\/\u200e2024_Webseiten-1-50x50.jpeg 50w\" sizes=\"auto, (max-width: 500px) 100vw, 500px\" \/><\/figure>\n<\/div>\n<\/div>\n\n\n\n<div class=\"wp-block-columns is-layout-flex wp-container-core-columns-is-layout-28f84493 wp-block-columns-is-layout-flex\">\n<div class=\"wp-block-column is-layout-flow wp-block-column-is-layout-flow\" style=\"flex-basis:66.66%\">\n<p>Other websites include the English-language magazine <a href=\"https:\/\/www.dotmagazine.online\/\">dotmagazine.online<\/a>, as well as a series of topic-focused websites operated or supported by eco: <\/p>\n\n\n\n<ul class=\"wp-block-list\">\n<li><a href=\"https:\/\/certified-senders.org\/\">https:\/\/c<\/a><a href=\"https:\/\/certified-senders.org\/\" target=\"_blank\" rel=\"noreferrer noopener\">ertified-senders.o<\/a><a href=\"https:\/\/certified-senders.org\/\">rg\/<\/a><\/li>\n\n\n\n<li><a href=\"https:\/\/digitale-infrastrukturen.net\/\" target=\"_blank\" rel=\"noreferrer noopener\">https:\/\/digitale-infrastrukturen.net\/<\/a><\/li>\n\n\n\n<li><a href=\"https:\/\/www.eurocloud.de\/\" target=\"_blank\" rel=\"noreferrer noopener\">https:\/\/www.eurocloud.de\/<\/a><\/li>\n\n\n\n<li><a href=\"https:\/\/www.eurocloudnative.de\/\" target=\"_blank\" rel=\"noreferrer noopener\">https:\/\/www.eurocloudnative.de\/<\/a><\/li>\n\n\n\n<li><a href=\"https:\/\/www.gxfs.eu\/\" target=\"_blank\" rel=\"noreferrer noopener\">https:\/\/www.gxfs.eu\/<\/a><\/li>\n\n\n\n<li><a href=\"https:\/\/www.internet-beschwerdestelle.de\/\" target=\"_blank\" rel=\"noreferrer noopener\">https:\/\/www.internet-beschwerdestelle.de\/<\/a> (Complaints Office)<\/li>\n\n\n\n<li><a href=\"https:\/\/lit.eco.de\/\" target=\"_blank\" rel=\"noreferrer noopener\">https:\/\/lit.eco.de\/<\/a><\/li>\n\n\n\n<li><a href=\"https:\/\/www.servicemeister.org\/\">https:\/\/www.servicemeister.org\/<\/a><\/li>\n<\/ul>\n\n\n\n<p>The eco Association operates most of these websites with almost CO<sub>2<\/sub>-neutral hosting. The servers are located at the foot of a wind turbine and are thus almost continuously supplied with locally generated electricity.<\/p>\n<\/div>\n\n\n\n<div class=\"wp-block-column is-layout-flow wp-block-column-is-layout-flow\" style=\"flex-basis:33.33%\">\n<figure class=\"wp-block-image size-full\"><img loading=\"lazy\" decoding=\"async\" width=\"500\" height=\"500\" src=\"https:\/\/gb23.eco.de\/wp-content\/uploads\/sites\/14\/2024\/07\/\u200e2024_Webseiten-3.jpeg\" alt=\"\" class=\"wp-image-3096\" srcset=\"https:\/\/gb23.eco.de\/wp-content\/uploads\/sites\/14\/2024\/07\/\u200e2024_Webseiten-3.jpeg 500w, https:\/\/gb23.eco.de\/wp-content\/uploads\/sites\/14\/2024\/07\/\u200e2024_Webseiten-3-300x300.jpeg 300w, https:\/\/gb23.eco.de\/wp-content\/uploads\/sites\/14\/2024\/07\/\u200e2024_Webseiten-3-150x150.jpeg 150w, https:\/\/gb23.eco.de\/wp-content\/uploads\/sites\/14\/2024\/07\/\u200e2024_Webseiten-3-50x50.jpeg 50w\" sizes=\"auto, (max-width: 500px) 100vw, 500px\" \/><\/figure>\n<\/div>\n<\/div>\n\n\n\n<div class=\"wp-block-columns is-layout-flex wp-container-core-columns-is-layout-28f84493 wp-block-columns-is-layout-flex\">\n<div class=\"wp-block-column is-layout-flow wp-block-column-is-layout-flow\">\n<p><\/p>\n\n\n\n<p><\/p>\n<\/div>\n\n\n\n<div class=\"wp-block-column is-layout-flow wp-block-column-is-layout-flow\"><\/div>\n<\/div>\n","protected":false},"excerpt":{"rendered":"<p>Websites In 2023, the websites of the eco Association (www.eco.de and international.eco.de) continued to act as a central point of contact for members, partners and anyone who wanted to learn more about eco\u2019s range of topics and activities. In combination with the social media activities and the formats, some of&#8230;<a class=\"eco-loop-button\" href=\"https:\/\/gb23.eco.de\/en\/association-communication\/websites\/\">Read More<\/a><\/p>\n","protected":false},"author":20,"featured_media":0,"parent":1745,"menu_order":4,"comment_status":"closed","ping_status":"closed","template":"","meta":{"inline_featured_image":false,"footnotes":""},"class_list":["post-1736","page","type-page","status-publish","hentry"],"yoast_head":"<!-- This site is optimized with the Yoast SEO plugin v21.7 - https:\/\/yoast.com\/wordpress\/plugins\/seo\/ -->\n<title>Websites - eco Gesch\u00e4ftsbericht 2023<\/title>\n<meta name=\"description\" content=\"Die Websites des eco waren auch 2023 der digitale Dreh- und Angelpunkt f\u00fcr die Kommunikation unserer Aktivit\u00e4ten - ein \u00dcberblick.\" \/>\n<meta name=\"robots\" content=\"index, follow, max-snippet:-1, max-image-preview:large, max-video-preview:-1\" \/>\n<link rel=\"canonical\" href=\"https:\/\/gb23.eco.de\/en\/association-communication\/websites\/\" \/>\n<meta property=\"og:locale\" content=\"en_US\" \/>\n<meta property=\"og:type\" content=\"article\" \/>\n<meta property=\"og:title\" content=\"Websites - eco Gesch\u00e4ftsbericht 2023\" \/>\n<meta property=\"og:description\" content=\"Die Websites des eco waren auch 2023 der digitale Dreh- und Angelpunkt f\u00fcr die Kommunikation unserer Aktivit\u00e4ten - ein \u00dcberblick.\" \/>\n<meta property=\"og:url\" content=\"https:\/\/gb23.eco.de\/en\/association-communication\/websites\/\" \/>\n<meta property=\"og:site_name\" content=\"eco Gesch\u00e4ftsbericht 2023\" \/>\n<meta property=\"article:modified_time\" content=\"2024-08-05T11:58:41+00:00\" \/>\n<meta name=\"twitter:card\" content=\"summary_large_image\" \/>\n<meta name=\"twitter:label1\" content=\"Est. reading time\" \/>\n\t<meta name=\"twitter:data1\" content=\"2 minutes\" \/>\n<script type=\"application\/ld+json\" class=\"yoast-schema-graph\">{\"@context\":\"https:\/\/schema.org\",\"@graph\":[{\"@type\":\"WebPage\",\"@id\":\"https:\/\/gb23.eco.de\/en\/association-communication\/websites\/\",\"url\":\"https:\/\/gb23.eco.de\/en\/association-communication\/websites\/\",\"name\":\"Websites - eco Gesch\u00e4ftsbericht 2023\",\"isPartOf\":{\"@id\":\"https:\/\/gb23.eco.de\/#website\"},\"datePublished\":\"2023-07-14T11:01:18+00:00\",\"dateModified\":\"2024-08-05T11:58:41+00:00\",\"description\":\"Die Websites des eco waren auch 2023 der digitale Dreh- und Angelpunkt f\u00fcr die Kommunikation unserer Aktivit\u00e4ten - ein \u00dcberblick.\",\"breadcrumb\":{\"@id\":\"https:\/\/gb23.eco.de\/en\/association-communication\/websites\/#breadcrumb\"},\"inLanguage\":\"en-US\",\"potentialAction\":[{\"@type\":\"ReadAction\",\"target\":[\"https:\/\/gb23.eco.de\/en\/association-communication\/websites\/\"]}]},{\"@type\":\"BreadcrumbList\",\"@id\":\"https:\/\/gb23.eco.de\/en\/association-communication\/websites\/#breadcrumb\",\"itemListElement\":[{\"@type\":\"ListItem\",\"position\":1,\"name\":\"Home\",\"item\":\"https:\/\/gb23.eco.de\/en\/\"},{\"@type\":\"ListItem\",\"position\":2,\"name\":\"Association Communication\",\"item\":\"https:\/\/gb23.eco.de\/en\/association-communication\/\"},{\"@type\":\"ListItem\",\"position\":3,\"name\":\"Websites\"}]},{\"@type\":\"WebSite\",\"@id\":\"https:\/\/gb23.eco.de\/#website\",\"url\":\"https:\/\/gb23.eco.de\/\",\"name\":\"eco Gesch\u00e4ftsbericht 2023\",\"description\":\"\",\"publisher\":{\"@id\":\"https:\/\/gb23.eco.de\/#organization\"},\"potentialAction\":[{\"@type\":\"SearchAction\",\"target\":{\"@type\":\"EntryPoint\",\"urlTemplate\":\"https:\/\/gb23.eco.de\/?s={search_term_string}\"},\"query-input\":\"required name=search_term_string\"}],\"inLanguage\":\"en-US\"},{\"@type\":\"Organization\",\"@id\":\"https:\/\/gb23.eco.de\/#organization\",\"name\":\"eco Gesch\u00e4ftsbericht 2023\",\"url\":\"https:\/\/gb23.eco.de\/\",\"logo\":{\"@type\":\"ImageObject\",\"inLanguage\":\"en-US\",\"@id\":\"https:\/\/gb23.eco.de\/#\/schema\/logo\/image\/\",\"url\":\"https:\/\/gb23.eco.de\/wp-content\/uploads\/sites\/14\/2024\/05\/Logo_GB2023.svg\",\"contentUrl\":\"https:\/\/gb23.eco.de\/wp-content\/uploads\/sites\/14\/2024\/05\/Logo_GB2023.svg\",\"width\":100,\"height\":100,\"caption\":\"eco Gesch\u00e4ftsbericht 2023\"},\"image\":{\"@id\":\"https:\/\/gb23.eco.de\/#\/schema\/logo\/image\/\"}}]}<\/script>\n<!-- \/ Yoast SEO plugin. -->","yoast_head_json":{"title":"Websites - eco Gesch\u00e4ftsbericht 2023","description":"Die Websites des eco waren auch 2023 der digitale Dreh- und Angelpunkt f\u00fcr die Kommunikation unserer Aktivit\u00e4ten - ein \u00dcberblick.","robots":{"index":"index","follow":"follow","max-snippet":"max-snippet:-1","max-image-preview":"max-image-preview:large","max-video-preview":"max-video-preview:-1"},"canonical":"https:\/\/gb23.eco.de\/en\/association-communication\/websites\/","og_locale":"en_US","og_type":"article","og_title":"Websites - eco Gesch\u00e4ftsbericht 2023","og_description":"Die Websites des eco waren auch 2023 der digitale Dreh- und Angelpunkt f\u00fcr die Kommunikation unserer Aktivit\u00e4ten - ein \u00dcberblick.","og_url":"https:\/\/gb23.eco.de\/en\/association-communication\/websites\/","og_site_name":"eco Gesch\u00e4ftsbericht 2023","article_modified_time":"2024-08-05T11:58:41+00:00","twitter_card":"summary_large_image","twitter_misc":{"Est. reading time":"2 minutes"},"schema":{"@context":"https:\/\/schema.org","@graph":[{"@type":"WebPage","@id":"https:\/\/gb23.eco.de\/en\/association-communication\/websites\/","url":"https:\/\/gb23.eco.de\/en\/association-communication\/websites\/","name":"Websites - eco Gesch\u00e4ftsbericht 2023","isPartOf":{"@id":"https:\/\/gb23.eco.de\/#website"},"datePublished":"2023-07-14T11:01:18+00:00","dateModified":"2024-08-05T11:58:41+00:00","description":"Die Websites des eco waren auch 2023 der digitale Dreh- und Angelpunkt f\u00fcr die Kommunikation unserer Aktivit\u00e4ten - ein \u00dcberblick.","breadcrumb":{"@id":"https:\/\/gb23.eco.de\/en\/association-communication\/websites\/#breadcrumb"},"inLanguage":"en-US","potentialAction":[{"@type":"ReadAction","target":["https:\/\/gb23.eco.de\/en\/association-communication\/websites\/"]}]},{"@type":"BreadcrumbList","@id":"https:\/\/gb23.eco.de\/en\/association-communication\/websites\/#breadcrumb","itemListElement":[{"@type":"ListItem","position":1,"name":"Home","item":"https:\/\/gb23.eco.de\/en\/"},{"@type":"ListItem","position":2,"name":"Association Communication","item":"https:\/\/gb23.eco.de\/en\/association-communication\/"},{"@type":"ListItem","position":3,"name":"Websites"}]},{"@type":"WebSite","@id":"https:\/\/gb23.eco.de\/#website","url":"https:\/\/gb23.eco.de\/","name":"eco Gesch\u00e4ftsbericht 2023","description":"","publisher":{"@id":"https:\/\/gb23.eco.de\/#organization"},"potentialAction":[{"@type":"SearchAction","target":{"@type":"EntryPoint","urlTemplate":"https:\/\/gb23.eco.de\/?s={search_term_string}"},"query-input":"required name=search_term_string"}],"inLanguage":"en-US"},{"@type":"Organization","@id":"https:\/\/gb23.eco.de\/#organization","name":"eco Gesch\u00e4ftsbericht 2023","url":"https:\/\/gb23.eco.de\/","logo":{"@type":"ImageObject","inLanguage":"en-US","@id":"https:\/\/gb23.eco.de\/#\/schema\/logo\/image\/","url":"https:\/\/gb23.eco.de\/wp-content\/uploads\/sites\/14\/2024\/05\/Logo_GB2023.svg","contentUrl":"https:\/\/gb23.eco.de\/wp-content\/uploads\/sites\/14\/2024\/05\/Logo_GB2023.svg","width":100,"height":100,"caption":"eco Gesch\u00e4ftsbericht 2023"},"image":{"@id":"https:\/\/gb23.eco.de\/#\/schema\/logo\/image\/"}}]}},"_links":{"self":[{"href":"https:\/\/gb23.eco.de\/en\/wp-json\/wp\/v2\/pages\/1736","targetHints":{"allow":["GET"]}}],"collection":[{"href":"https:\/\/gb23.eco.de\/en\/wp-json\/wp\/v2\/pages"}],"about":[{"href":"https:\/\/gb23.eco.de\/en\/wp-json\/wp\/v2\/types\/page"}],"author":[{"embeddable":true,"href":"https:\/\/gb23.eco.de\/en\/wp-json\/wp\/v2\/users\/20"}],"replies":[{"embeddable":true,"href":"https:\/\/gb23.eco.de\/en\/wp-json\/wp\/v2\/comments?post=1736"}],"version-history":[{"count":13,"href":"https:\/\/gb23.eco.de\/en\/wp-json\/wp\/v2\/pages\/1736\/revisions"}],"predecessor-version":[{"id":3257,"href":"https:\/\/gb23.eco.de\/en\/wp-json\/wp\/v2\/pages\/1736\/revisions\/3257"}],"up":[{"embeddable":true,"href":"https:\/\/gb23.eco.de\/en\/wp-json\/wp\/v2\/pages\/1745"}],"wp:attachment":[{"href":"https:\/\/gb23.eco.de\/en\/wp-json\/wp\/v2\/media?parent=1736"}],"curies":[{"name":"wp","href":"https:\/\/api.w.org\/{rel}","templated":true}]}}